{"id":54,"date":"2020-09-27T21:50:33","date_gmt":"2020-09-27T19:50:33","guid":{"rendered":"https:\/\/www.nacanapah.de\/?page_id=54"},"modified":"2024-10-05T20:52:51","modified_gmt":"2024-10-05T18:52:51","slug":"jungsippe","status":"publish","type":"page","link":"https:\/\/www.nacanapah.de\/?page_id=54","title":{"rendered":"Jungsippe"},"content":{"rendered":"\n<div class=\"wp-block-media-text alignwide is-stacked-on-mobile\" style=\"grid-template-columns:15% auto\"><figure class=\"wp-block-media-text__media\"><img loading=\"lazy\" width=\"603\" height=\"1024\" src=\"https:\/\/www.nacanapah.de\/wp-content\/uploads\/2020\/09\/Halstuch-603x1024.jpg\" alt=\"\" class=\"wp-image-83 size-full\" srcset=\"https:\/\/www.nacanapah.de\/wp-content\/uploads\/2020\/09\/Halstuch-603x1024.jpg 603w, https:\/\/www.nacanapah.de\/wp-content\/uploads\/2020\/09\/Halstuch-177x300.jpg 177w, https:\/\/www.nacanapah.de\/wp-content\/uploads\/2020\/09\/Halstuch-768x1304.jpg 768w, https:\/\/www.nacanapah.de\/wp-content\/uploads\/2020\/09\/Halstuch-905x1536.jpg 905w, https:\/\/www.nacanapah.de\/wp-content\/uploads\/2020\/09\/Halstuch-1206x2048.jpg 1206w, https:\/\/www.nacanapah.de\/wp-content\/uploads\/2020\/09\/Halstuch.jpg 1300w\" sizes=\"(max-width: 603px) 100vw, 603px\" \/><\/figure><div class=\"wp-block-media-text__content\">\n<p style=\"font-size:28px\">Wir sind die Jungsippe!<\/p>\n<\/div><\/div>\n\n\n\n<p style=\"font-size:18px\"><br><br>Bald gibt es hier mehr Infos \u00fcber uns.<\/p>\n\n\n\n<p style=\"font-size:18px\"><br>Bei uns kann man ab der 5.Klasse mitmachen.<br>Wir treffen uns immer freitags von 15.30-16.30 Uhr an der Pfarrei Verkl\u00e4rung Christi in Schongau.<br><br><br>Wenn du mal vorbeischauen m\u00f6chtest, kontaktiere uns einfach per Mail oder \u00fcber Instagram! \ud83d\ude42<\/p>\n","protected":false},"excerpt":{"rendered":"<p>Wir sind die Jungsippe! Bald gibt es hier mehr Infos \u00fcber uns. Bei uns kann man ab der 5.Klasse mitmachen.Wir treffen uns immer freitags von 15.30-16.30 Uhr an der Pfarrei Verkl\u00e4rung Christi in Schongau. Wenn du mal vorbeischauen m\u00f6chtest, kontaktiere uns einfach per Mail oder \u00fcber Instagram! \ud83d\ude42<\/p>\n","protected":false},"author":1,"featured_media":0,"parent":0,"menu_order":0,"comment_status":"closed","ping_status":"closed","template":"","meta":{"ngg_post_thumbnail":0},"_links":{"self":[{"href":"https:\/\/www.nacanapah.de\/index.php?rest_route=\/wp\/v2\/pages\/54"}],"collection":[{"href":"https:\/\/www.nacanapah.de\/index.php?rest_route=\/wp\/v2\/pages"}],"about":[{"href":"https:\/\/www.nacanapah.de\/index.php?rest_route=\/wp\/v2\/types\/page"}],"author":[{"embeddable":true,"href":"https:\/\/www.nacanapah.de\/index.php?rest_route=\/wp\/v2\/users\/1"}],"replies":[{"embeddable":true,"href":"https:\/\/www.nacanapah.de\/index.php?rest_route=%2Fwp%2Fv2%2Fcomments&post=54"}],"version-history":[{"count":4,"href":"https:\/\/www.nacanapah.de\/index.php?rest_route=\/wp\/v2\/pages\/54\/revisions"}],"predecessor-version":[{"id":468,"href":"https:\/\/www.nacanapah.de\/index.php?rest_route=\/wp\/v2\/pages\/54\/revisions\/468"}],"wp:attachment":[{"href":"https:\/\/www.nacanapah.de\/index.php?rest_route=%2Fwp%2Fv2%2Fmedia&parent=54"}],"curies":[{"name":"wp","href":"https:\/\/api.w.org\/{rel}","templated":true}]}}