{"id":138,"date":"2020-10-27T22:01:59","date_gmt":"2020-10-27T21:01:59","guid":{"rendered":"https:\/\/www.nacanapah.de\/?page_id=138"},"modified":"2024-10-05T20:58:38","modified_gmt":"2024-10-05T18:58:38","slug":"startseite","status":"publish","type":"page","link":"https:\/\/www.nacanapah.de\/","title":{"rendered":""},"content":{"rendered":"\n<p>Willkommen auf der Seite des Pfadfinderstammes Nacanapah aus Schongau.<\/p>\n\n\n\n<p>Hier erfahrt ihr alles \u00fcber uns und unsere Pfadfinderei. Klickt euch einfach mal durch.<\/p>\n\n\n\n<p class=\"has-white-color has-text-color\">&#8230;<\/p>\n\n\n\n<p>Unsere Homepage befindet sich gerade im Neuaufbau und ist deswegen noch nicht vollst\u00e4ndig.<\/p>\n\n\n\n<p>Nach und nach wird sie sich aber wieder f\u00fcllen, deswegen schaut doch \u00f6fter mal vorbei!<\/p>\n\n\n\n<p class=\"has-text-align-right\">Gut Jagd, Gut Pfad!<\/p>\n\n\n\n<p class=\"has-white-color has-text-color\">&#8230;Gut Jagd, Gut Pfad!<\/p>\n\n\n\n<p class=\"has-white-color has-text-color\">&#8230;<\/p>\n\n\n\n<hr class=\"wp-block-separator\"\/>\n\n\n\n<p class=\"has-white-color has-text-color\">&#8230;<\/p>\n\n\n\n<div class=\"wp-block-buttons\"><\/div>\n\n\n\n<p><\/p>\n","protected":false},"excerpt":{"rendered":"<p>Willkommen auf der Seite des Pfadfinderstammes Nacanapah aus Schongau. Hier erfahrt ihr alles \u00fcber uns und unsere Pfadfinderei. Klickt euch einfach mal durch. &#8230; Unsere Homepage befindet sich gerade im Neuaufbau und ist deswegen noch nicht vollst\u00e4ndig. Nach und nach wird sie sich aber wieder f\u00fcllen, deswegen schaut doch \u00f6fter mal vorbei! Gut Jagd, Gut [&hellip;]<\/p>\n","protected":false},"author":2,"featured_media":0,"parent":0,"menu_order":0,"comment_status":"closed","ping_status":"closed","template":"","meta":{"ngg_post_thumbnail":0},"_links":{"self":[{"href":"https:\/\/www.nacanapah.de\/index.php?rest_route=\/wp\/v2\/pages\/138"}],"collection":[{"href":"https:\/\/www.nacanapah.de\/index.php?rest_route=\/wp\/v2\/pages"}],"about":[{"href":"https:\/\/www.nacanapah.de\/index.php?rest_route=\/wp\/v2\/types\/page"}],"author":[{"embeddable":true,"href":"https:\/\/www.nacanapah.de\/index.php?rest_route=\/wp\/v2\/users\/2"}],"replies":[{"embeddable":true,"href":"https:\/\/www.nacanapah.de\/index.php?rest_route=%2Fwp%2Fv2%2Fcomments&post=138"}],"version-history":[{"count":6,"href":"https:\/\/www.nacanapah.de\/index.php?rest_route=\/wp\/v2\/pages\/138\/revisions"}],"predecessor-version":[{"id":473,"href":"https:\/\/www.nacanapah.de\/index.php?rest_route=\/wp\/v2\/pages\/138\/revisions\/473"}],"wp:attachment":[{"href":"https:\/\/www.nacanapah.de\/index.php?rest_route=%2Fwp%2Fv2%2Fmedia&parent=138"}],"curies":[{"name":"wp","href":"https:\/\/api.w.org\/{rel}","templated":true}]}}