{"id":111,"date":"2020-10-24T16:15:28","date_gmt":"2020-10-24T14:15:28","guid":{"rendered":"https:\/\/www.nacanapah.de\/?page_id=111"},"modified":"2020-10-27T23:12:28","modified_gmt":"2020-10-27T22:12:28","slug":"impressum","status":"publish","type":"page","link":"https:\/\/www.nacanapah.de\/?page_id=111","title":{"rendered":"Impressum"},"content":{"rendered":"\n<h3>Angaben gem\u00e4\u00df \u00a7 5 TMG:<br><\/h3>\n\n\n\n<p><br>e. V. Pfadfinderstamm Nacanapah<br><br>Sch\u00f6nlinderstra\u00dfe 39<br><br>86956 Schongau<br><\/p>\n\n\n\n<p>Mitglied im Bund der Pfadfinderinnen und Pfadfinder Landesverband Bayern e.V. (BdP Bayern)<br><br><br><\/p>\n\n\n\n<h3>Vertreten durch die Stammesf\u00fchrung:<\/h3>\n\n\n\n<p>Sarah Erdt <\/p>\n\n\n\n<h3>Kontakt:<\/h3>\n\n\n\n<p><a href=\"https:\/\/www.nacanapah.de\/?page_id=44\">siehe Kontakt<\/a><\/p>\n\n\n\n<h3>Haftungshinweis:<\/h3>\n\n\n\n<p>Trotz sorgf\u00e4ltiger inhaltlicher Kontrolle \u00fcbernehmen wir keine Haftung f\u00fcr die Inhalte externer Links. F\u00fcr den Inhalt verlinkter Seiten sind ausschlie\u00dflich deren Betreiber verantwortlich.<\/p>\n\n\n\n<h3>Angaben zur Berufshaftpflichtversicherung:<\/h3>\n\n\n\n<p>Name und Sitz der Gesellschaft: BdP Bundesverband<\/p>\n\n\n\n<p><\/p>\n","protected":false},"excerpt":{"rendered":"<p>Angaben gem\u00e4\u00df \u00a7 5 TMG: e. V. Pfadfinderstamm Nacanapah Sch\u00f6nlinderstra\u00dfe 39 86956 Schongau Mitglied im Bund der Pfadfinderinnen und Pfadfinder Landesverband Bayern e.V. (BdP Bayern) Vertreten durch die Stammesf\u00fchrung: Sarah Erdt Kontakt: siehe Kontakt Haftungshinweis: Trotz sorgf\u00e4ltiger inhaltlicher Kontrolle \u00fcbernehmen wir keine Haftung f\u00fcr die Inhalte externer Links. F\u00fcr den Inhalt verlinkter Seiten sind ausschlie\u00dflich [&hellip;]<\/p>\n","protected":false},"author":1,"featured_media":0,"parent":0,"menu_order":0,"comment_status":"closed","ping_status":"closed","template":"","meta":{"ngg_post_thumbnail":0},"_links":{"self":[{"href":"https:\/\/www.nacanapah.de\/index.php?rest_route=\/wp\/v2\/pages\/111"}],"collection":[{"href":"https:\/\/www.nacanapah.de\/index.php?rest_route=\/wp\/v2\/pages"}],"about":[{"href":"https:\/\/www.nacanapah.de\/index.php?rest_route=\/wp\/v2\/types\/page"}],"author":[{"embeddable":true,"href":"https:\/\/www.nacanapah.de\/index.php?rest_route=\/wp\/v2\/users\/1"}],"replies":[{"embeddable":true,"href":"https:\/\/www.nacanapah.de\/index.php?rest_route=%2Fwp%2Fv2%2Fcomments&post=111"}],"version-history":[{"count":4,"href":"https:\/\/www.nacanapah.de\/index.php?rest_route=\/wp\/v2\/pages\/111\/revisions"}],"predecessor-version":[{"id":155,"href":"https:\/\/www.nacanapah.de\/index.php?rest_route=\/wp\/v2\/pages\/111\/revisions\/155"}],"wp:attachment":[{"href":"https:\/\/www.nacanapah.de\/index.php?rest_route=%2Fwp%2Fv2%2Fmedia&parent=111"}],"curies":[{"name":"wp","href":"https:\/\/api.w.org\/{rel}","templated":true}]}}